{"id":23123,"date":"2024-06-10T21:56:59","date_gmt":"2024-06-10T19:56:59","guid":{"rendered":"https:\/\/www.shapeupstudio.sk\/?page_id=23123"},"modified":"2024-06-27T20:58:51","modified_gmt":"2024-06-27T18:58:51","slug":"studio-kepek","status":"publish","type":"page","link":"https:\/\/www.shapeupstudio.sk\/hu\/studio-kepek\/","title":{"rendered":"STUDI\u00d3 K\u00c9PEK"},"content":{"rendered":"\t\t<div data-elementor-type=\"wp-page\" data-elementor-id=\"23123\" class=\"elementor elementor-23123 elementor-23117\">\n\t\t\t\t\t\t<section class=\"elementor-section elementor-top-section elementor-element elementor-element-816bb6a elementor-section-boxed elementor-section-height-default elementor-section-height-default sc_fly_static\" data-id=\"816bb6a\" data-element_type=\"section\" data-e-type=\"section\">\n\t\t\t\t\t\t<div class=\"elementor-container elementor-column-gap-extended\">\n\t\t\t\t\t<div class=\"elementor-column elementor-col-100 elementor-top-column elementor-element elementor-element-b1be8f9 sc_content_align_inherit sc_layouts_column_icons_position_left sc_fly_static\" data-id=\"b1be8f9\" data-element_type=\"column\" data-e-type=\"column\">\n\t\t\t<div class=\"elementor-widget-wrap elementor-element-populated\">\n\t\t\t\t\t\t<div class=\"elementor-element elementor-element-3003892 sc_fly_static elementor-widget elementor-widget-image-gallery\" data-id=\"3003892\" data-element_type=\"widget\" data-e-type=\"widget\" data-widget_type=\"image-gallery.default\">\n\t\t\t\t<div class=\"elementor-widget-container\">\n\t\t\t\t\t\t\t<div class=\"elementor-image-gallery\">\n\t\t\t<div id='gallery-1' class='gallery galleryid-23123 gallery-columns-1 gallery-size-1536x1536'><figure class='gallery-item'>\n\t\t\t<div class='gallery-icon landscape'>\n\t\t\t\t<a data-elementor-open-lightbox=\"yes\" data-elementor-lightbox-slideshow=\"3003892\" data-elementor-lightbox-title=\"0A64A404-FB66-4871-8462-8865A3B3D08E\" data-e-action-hash=\"#elementor-action%3Aaction%3Dlightbox%26settings%3DeyJpZCI6MjMzMDUsInVybCI6Imh0dHBzOlwvXC93d3cuc2hhcGV1cHN0dWRpby5za1wvd3AtY29udGVudFwvdXBsb2Fkc1wvMjAyNFwvMDZcLzBBNjRBNDA0LUZCNjYtNDg3MS04NDYyLTg4NjVBM0IzRDA4RS0yLmpwZyIsInNsaWRlc2hvdyI6IjMwMDM4OTIifQ%3D%3D\" href='https:\/\/www.shapeupstudio.sk\/wp-content\/uploads\/2024\/06\/0A64A404-FB66-4871-8462-8865A3B3D08E-2.jpg'><img fetchpriority=\"high\" decoding=\"async\" width=\"1080\" height=\"810\" src=\"https:\/\/www.shapeupstudio.sk\/wp-content\/uploads\/2024\/06\/0A64A404-FB66-4871-8462-8865A3B3D08E-2.jpg\" class=\"attachment-1536x1536 size-1536x1536\" alt=\"\" srcset=\"https:\/\/www.shapeupstudio.sk\/wp-content\/uploads\/2024\/06\/0A64A404-FB66-4871-8462-8865A3B3D08E-2.jpg 1080w, https:\/\/www.shapeupstudio.sk\/wp-content\/uploads\/2024\/06\/0A64A404-FB66-4871-8462-8865A3B3D08E-2-300x225.jpg 300w, https:\/\/www.shapeupstudio.sk\/wp-content\/uploads\/2024\/06\/0A64A404-FB66-4871-8462-8865A3B3D08E-2-1024x768.jpg 1024w, https:\/\/www.shapeupstudio.sk\/wp-content\/uploads\/2024\/06\/0A64A404-FB66-4871-8462-8865A3B3D08E-2-768x576.jpg 768w, https:\/\/www.shapeupstudio.sk\/wp-content\/uploads\/2024\/06\/0A64A404-FB66-4871-8462-8865A3B3D08E-2-370x278.jpg 370w, https:\/\/www.shapeupstudio.sk\/wp-content\/uploads\/2024\/06\/0A64A404-FB66-4871-8462-8865A3B3D08E-2-840x630.jpg 840w, https:\/\/www.shapeupstudio.sk\/wp-content\/uploads\/2024\/06\/0A64A404-FB66-4871-8462-8865A3B3D08E-2-410x308.jpg 410w\" sizes=\"(max-width: 1080px) 100vw, 1080px\" \/><\/a>\n\t\t\t<\/div><\/figure>\n\t\t<\/div>\n\t\t<\/div>\n\t\t\t\t\t\t<\/div>\n\t\t\t\t<\/div>\n\t\t\t\t\t<\/div>\n\t\t<\/div>\n\t\t\t\t\t<\/div>\n\t\t<\/section>\n\t\t\t\t<\/div>\n\t\t","protected":false},"excerpt":{"rendered":"","protected":false},"author":1,"featured_media":0,"parent":0,"menu_order":0,"comment_status":"closed","ping_status":"closed","template":"","meta":{"footnotes":""},"class_list":["post-23123","page","type-page","status-publish","hentry"],"yoast_head":"<!-- This site is optimized with the Yoast SEO plugin v27.5 - https:\/\/yoast.com\/product\/yoast-seo-wordpress\/ -->\n<title>STUDI\u00d3 K\u00c9PEK - shapeupstudio<\/title>\n<meta name=\"description\" content=\"STUDI\u00d3 K\u00c9PEK\" \/>\n<meta name=\"robots\" content=\"index, follow, max-snippet:-1, max-image-preview:large, max-video-preview:-1\" \/>\n<link rel=\"canonical\" href=\"https:\/\/www.shapeupstudio.sk\/hu\/studio-kepek\/\" \/>\n<meta property=\"og:locale\" content=\"hu_HU\" \/>\n<meta property=\"og:type\" content=\"article\" \/>\n<meta property=\"og:title\" content=\"STUDI\u00d3 K\u00c9PEK - shapeupstudio\" \/>\n<meta property=\"og:description\" content=\"STUDI\u00d3 K\u00c9PEK\" \/>\n<meta property=\"og:url\" content=\"https:\/\/www.shapeupstudio.sk\/hu\/studio-kepek\/\" \/>\n<meta property=\"og:site_name\" content=\"shapeupstudio\" \/>\n<meta property=\"article:modified_time\" content=\"2024-06-27T18:58:51+00:00\" \/>\n<meta property=\"og:image\" content=\"https:\/\/www.shapeupstudio.sk\/wp-content\/uploads\/2024\/06\/0A64A404-FB66-4871-8462-8865A3B3D08E-2.jpg\" \/>\n<meta name=\"twitter:card\" content=\"summary_large_image\" \/>\n<meta name=\"twitter:label1\" content=\"Becs\u00fclt olvas\u00e1si id\u0151\" \/>\n\t<meta name=\"twitter:data1\" content=\"1 perc\" \/>\n<script type=\"application\/ld+json\" class=\"yoast-schema-graph\">{\"@context\":\"https:\\\/\\\/schema.org\",\"@graph\":[{\"@type\":\"WebPage\",\"@id\":\"https:\\\/\\\/www.shapeupstudio.sk\\\/hu\\\/studio-kepek\\\/\",\"url\":\"https:\\\/\\\/www.shapeupstudio.sk\\\/hu\\\/studio-kepek\\\/\",\"name\":\"STUDI\u00d3 K\u00c9PEK - shapeupstudio\",\"isPartOf\":{\"@id\":\"https:\\\/\\\/www.shapeupstudio.sk\\\/hu\\\/#website\"},\"primaryImageOfPage\":{\"@id\":\"https:\\\/\\\/www.shapeupstudio.sk\\\/hu\\\/studio-kepek\\\/#primaryimage\"},\"image\":{\"@id\":\"https:\\\/\\\/www.shapeupstudio.sk\\\/hu\\\/studio-kepek\\\/#primaryimage\"},\"thumbnailUrl\":\"https:\\\/\\\/www.shapeupstudio.sk\\\/wp-content\\\/uploads\\\/2024\\\/06\\\/0A64A404-FB66-4871-8462-8865A3B3D08E-2.jpg\",\"datePublished\":\"2024-06-10T19:56:59+00:00\",\"dateModified\":\"2024-06-27T18:58:51+00:00\",\"description\":\"STUDI\u00d3 K\u00c9PEK\",\"breadcrumb\":{\"@id\":\"https:\\\/\\\/www.shapeupstudio.sk\\\/hu\\\/studio-kepek\\\/#breadcrumb\"},\"inLanguage\":\"hu\",\"potentialAction\":[{\"@type\":\"ReadAction\",\"target\":[\"https:\\\/\\\/www.shapeupstudio.sk\\\/hu\\\/studio-kepek\\\/\"]}]},{\"@type\":\"ImageObject\",\"inLanguage\":\"hu\",\"@id\":\"https:\\\/\\\/www.shapeupstudio.sk\\\/hu\\\/studio-kepek\\\/#primaryimage\",\"url\":\"https:\\\/\\\/www.shapeupstudio.sk\\\/wp-content\\\/uploads\\\/2024\\\/06\\\/0A64A404-FB66-4871-8462-8865A3B3D08E-2.jpg\",\"contentUrl\":\"https:\\\/\\\/www.shapeupstudio.sk\\\/wp-content\\\/uploads\\\/2024\\\/06\\\/0A64A404-FB66-4871-8462-8865A3B3D08E-2.jpg\"},{\"@type\":\"BreadcrumbList\",\"@id\":\"https:\\\/\\\/www.shapeupstudio.sk\\\/hu\\\/studio-kepek\\\/#breadcrumb\",\"itemListElement\":[{\"@type\":\"ListItem\",\"position\":1,\"name\":\"Domovsk\u00e1 str\u00e1nka\",\"item\":\"https:\\\/\\\/www.shapeupstudio.sk\\\/hu\\\/\"},{\"@type\":\"ListItem\",\"position\":2,\"name\":\"STUDI\u00d3 K\u00c9PEK\"}]},{\"@type\":\"WebSite\",\"@id\":\"https:\\\/\\\/www.shapeupstudio.sk\\\/hu\\\/#website\",\"url\":\"https:\\\/\\\/www.shapeupstudio.sk\\\/hu\\\/\",\"name\":\"shapeupstudio\",\"description\":\"Skr\u00e1\u0161lovanie, formovanie, chudnutie tela\",\"publisher\":{\"@id\":\"https:\\\/\\\/www.shapeupstudio.sk\\\/hu\\\/#organization\"},\"potentialAction\":[{\"@type\":\"SearchAction\",\"target\":{\"@type\":\"EntryPoint\",\"urlTemplate\":\"https:\\\/\\\/www.shapeupstudio.sk\\\/hu\\\/?s={search_term_string}\"},\"query-input\":{\"@type\":\"PropertyValueSpecification\",\"valueRequired\":true,\"valueName\":\"search_term_string\"}}],\"inLanguage\":\"hu\"},{\"@type\":\"Organization\",\"@id\":\"https:\\\/\\\/www.shapeupstudio.sk\\\/hu\\\/#organization\",\"name\":\"shapeupstudio\",\"url\":\"https:\\\/\\\/www.shapeupstudio.sk\\\/hu\\\/\",\"logo\":{\"@type\":\"ImageObject\",\"inLanguage\":\"hu\",\"@id\":\"https:\\\/\\\/www.shapeupstudio.sk\\\/hu\\\/#\\\/schema\\\/logo\\\/image\\\/\",\"url\":\"https:\\\/\\\/www.shapeupstudio.sk\\\/wp-content\\\/uploads\\\/2024\\\/06\\\/android-chrome-512x512-1.png\",\"contentUrl\":\"https:\\\/\\\/www.shapeupstudio.sk\\\/wp-content\\\/uploads\\\/2024\\\/06\\\/android-chrome-512x512-1.png\",\"width\":512,\"height\":512,\"caption\":\"shapeupstudio\"},\"image\":{\"@id\":\"https:\\\/\\\/www.shapeupstudio.sk\\\/hu\\\/#\\\/schema\\\/logo\\\/image\\\/\"}}]}<\/script>\n<!-- \/ Yoast SEO plugin. -->","yoast_head_json":{"title":"STUDI\u00d3 K\u00c9PEK - shapeupstudio","description":"STUDI\u00d3 K\u00c9PEK","robots":{"index":"index","follow":"follow","max-snippet":"max-snippet:-1","max-image-preview":"max-image-preview:large","max-video-preview":"max-video-preview:-1"},"canonical":"https:\/\/www.shapeupstudio.sk\/hu\/studio-kepek\/","og_locale":"hu_HU","og_type":"article","og_title":"STUDI\u00d3 K\u00c9PEK - shapeupstudio","og_description":"STUDI\u00d3 K\u00c9PEK","og_url":"https:\/\/www.shapeupstudio.sk\/hu\/studio-kepek\/","og_site_name":"shapeupstudio","article_modified_time":"2024-06-27T18:58:51+00:00","og_image":[{"url":"https:\/\/www.shapeupstudio.sk\/wp-content\/uploads\/2024\/06\/0A64A404-FB66-4871-8462-8865A3B3D08E-2.jpg","type":"","width":"","height":""}],"twitter_card":"summary_large_image","twitter_misc":{"Becs\u00fclt olvas\u00e1si id\u0151":"1 perc"},"schema":{"@context":"https:\/\/schema.org","@graph":[{"@type":"WebPage","@id":"https:\/\/www.shapeupstudio.sk\/hu\/studio-kepek\/","url":"https:\/\/www.shapeupstudio.sk\/hu\/studio-kepek\/","name":"STUDI\u00d3 K\u00c9PEK - shapeupstudio","isPartOf":{"@id":"https:\/\/www.shapeupstudio.sk\/hu\/#website"},"primaryImageOfPage":{"@id":"https:\/\/www.shapeupstudio.sk\/hu\/studio-kepek\/#primaryimage"},"image":{"@id":"https:\/\/www.shapeupstudio.sk\/hu\/studio-kepek\/#primaryimage"},"thumbnailUrl":"https:\/\/www.shapeupstudio.sk\/wp-content\/uploads\/2024\/06\/0A64A404-FB66-4871-8462-8865A3B3D08E-2.jpg","datePublished":"2024-06-10T19:56:59+00:00","dateModified":"2024-06-27T18:58:51+00:00","description":"STUDI\u00d3 K\u00c9PEK","breadcrumb":{"@id":"https:\/\/www.shapeupstudio.sk\/hu\/studio-kepek\/#breadcrumb"},"inLanguage":"hu","potentialAction":[{"@type":"ReadAction","target":["https:\/\/www.shapeupstudio.sk\/hu\/studio-kepek\/"]}]},{"@type":"ImageObject","inLanguage":"hu","@id":"https:\/\/www.shapeupstudio.sk\/hu\/studio-kepek\/#primaryimage","url":"https:\/\/www.shapeupstudio.sk\/wp-content\/uploads\/2024\/06\/0A64A404-FB66-4871-8462-8865A3B3D08E-2.jpg","contentUrl":"https:\/\/www.shapeupstudio.sk\/wp-content\/uploads\/2024\/06\/0A64A404-FB66-4871-8462-8865A3B3D08E-2.jpg"},{"@type":"BreadcrumbList","@id":"https:\/\/www.shapeupstudio.sk\/hu\/studio-kepek\/#breadcrumb","itemListElement":[{"@type":"ListItem","position":1,"name":"Domovsk\u00e1 str\u00e1nka","item":"https:\/\/www.shapeupstudio.sk\/hu\/"},{"@type":"ListItem","position":2,"name":"STUDI\u00d3 K\u00c9PEK"}]},{"@type":"WebSite","@id":"https:\/\/www.shapeupstudio.sk\/hu\/#website","url":"https:\/\/www.shapeupstudio.sk\/hu\/","name":"shapeupstudio","description":"Skr\u00e1\u0161lovanie, formovanie, chudnutie tela","publisher":{"@id":"https:\/\/www.shapeupstudio.sk\/hu\/#organization"},"potentialAction":[{"@type":"SearchAction","target":{"@type":"EntryPoint","urlTemplate":"https:\/\/www.shapeupstudio.sk\/hu\/?s={search_term_string}"},"query-input":{"@type":"PropertyValueSpecification","valueRequired":true,"valueName":"search_term_string"}}],"inLanguage":"hu"},{"@type":"Organization","@id":"https:\/\/www.shapeupstudio.sk\/hu\/#organization","name":"shapeupstudio","url":"https:\/\/www.shapeupstudio.sk\/hu\/","logo":{"@type":"ImageObject","inLanguage":"hu","@id":"https:\/\/www.shapeupstudio.sk\/hu\/#\/schema\/logo\/image\/","url":"https:\/\/www.shapeupstudio.sk\/wp-content\/uploads\/2024\/06\/android-chrome-512x512-1.png","contentUrl":"https:\/\/www.shapeupstudio.sk\/wp-content\/uploads\/2024\/06\/android-chrome-512x512-1.png","width":512,"height":512,"caption":"shapeupstudio"},"image":{"@id":"https:\/\/www.shapeupstudio.sk\/hu\/#\/schema\/logo\/image\/"}}]}},"jetpack_sharing_enabled":true,"_links":{"self":[{"href":"https:\/\/www.shapeupstudio.sk\/hu\/wp-json\/wp\/v2\/pages\/23123","targetHints":{"allow":["GET"]}}],"collection":[{"href":"https:\/\/www.shapeupstudio.sk\/hu\/wp-json\/wp\/v2\/pages"}],"about":[{"href":"https:\/\/www.shapeupstudio.sk\/hu\/wp-json\/wp\/v2\/types\/page"}],"author":[{"embeddable":true,"href":"https:\/\/www.shapeupstudio.sk\/hu\/wp-json\/wp\/v2\/users\/1"}],"replies":[{"embeddable":true,"href":"https:\/\/www.shapeupstudio.sk\/hu\/wp-json\/wp\/v2\/comments?post=23123"}],"version-history":[{"count":10,"href":"https:\/\/www.shapeupstudio.sk\/hu\/wp-json\/wp\/v2\/pages\/23123\/revisions"}],"predecessor-version":[{"id":23560,"href":"https:\/\/www.shapeupstudio.sk\/hu\/wp-json\/wp\/v2\/pages\/23123\/revisions\/23560"}],"wp:attachment":[{"href":"https:\/\/www.shapeupstudio.sk\/hu\/wp-json\/wp\/v2\/media?parent=23123"}],"curies":[{"name":"wp","href":"https:\/\/api.w.org\/{rel}","templated":true}]}}